{"id":14,"date":"2023-01-04T04:08:01","date_gmt":"2023-01-04T04:08:01","guid":{"rendered":"https:\/\/actionforforest.org\/?page_id=14"},"modified":"2023-01-12T21:38:56","modified_gmt":"2023-01-12T21:38:56","slug":"publicaciones","status":"publish","type":"page","link":"https:\/\/actionforforest.org\/index.php\/publicaciones\/","title":{"rendered":"Publicaciones"},"content":{"rendered":"\t\t<div data-elementor-type=\"wp-page\" data-elementor-id=\"14\" class=\"elementor elementor-14\">\n\t\t\t\t\t\t<section class=\"elementor-section elementor-top-section elementor-element elementor-element-5b810be elementor-section-full_width elementor-section-height-default elementor-section-height-default\" data-id=\"5b810be\" data-element_type=\"section\" data-settings=\"{&quot;background_background&quot;:&quot;classic&quot;}\">\n\t\t\t\t\t\t\t<div class=\"elementor-background-overlay\"><\/div>\n\t\t\t\t\t\t\t<div class=\"elementor-container elementor-column-gap-default\">\n\t\t\t\t\t<div class=\"elementor-column elementor-col-100 elementor-top-column elementor-element elementor-element-32905ac\" data-id=\"32905ac\" data-element_type=\"column\">\n\t\t\t<div class=\"elementor-widget-wrap elementor-element-populated\">\n\t\t\t\t\t\t<div class=\"elementor-element elementor-element-9681eff elementor-widget elementor-widget-spacer\" data-id=\"9681eff\" data-element_type=\"widget\" data-widget_type=\"spacer.default\">\n\t\t\t\t<div class=\"elementor-widget-container\">\n\t\t\t<style>\/*! elementor - v3.19.0 - 29-01-2024 *\/\n.elementor-column .elementor-spacer-inner{height:var(--spacer-size)}.e-con{--container-widget-width:100%}.e-con-inner>.elementor-widget-spacer,.e-con>.elementor-widget-spacer{width:var(--container-widget-width,var(--spacer-size));--align-self:var(--container-widget-align-self,initial);--flex-shrink:0}.e-con-inner>.elementor-widget-spacer>.elementor-widget-container,.e-con>.elementor-widget-spacer>.elementor-widget-container{height:100%;width:100%}.e-con-inner>.elementor-widget-spacer>.elementor-widget-container>.elementor-spacer,.e-con>.elementor-widget-spacer>.elementor-widget-container>.elementor-spacer{height:100%}.e-con-inner>.elementor-widget-spacer>.elementor-widget-container>.elementor-spacer>.elementor-spacer-inner,.e-con>.elementor-widget-spacer>.elementor-widget-container>.elementor-spacer>.elementor-spacer-inner{height:var(--container-widget-height,var(--spacer-size))}.e-con-inner>.elementor-widget-spacer.elementor-widget-empty,.e-con>.elementor-widget-spacer.elementor-widget-empty{position:relative;min-height:22px;min-width:22px}.e-con-inner>.elementor-widget-spacer.elementor-widget-empty .elementor-widget-empty-icon,.e-con>.elementor-widget-spacer.elementor-widget-empty .elementor-widget-empty-icon{position:absolute;top:0;bottom:0;left:0;right:0;margin:auto;padding:0;width:22px;height:22px}<\/style>\t\t<div class=\"elementor-spacer\">\n\t\t\t<div class=\"elementor-spacer-inner\"><\/div>\n\t\t<\/div>\n\t\t\t\t<\/div>\n\t\t\t\t<\/div>\n\t\t\t\t\t<\/div>\n\t\t<\/div>\n\t\t\t\t\t<\/div>\n\t\t<\/section>\n\t\t\t\t<section class=\"elementor-section elementor-top-section elementor-element elementor-element-64eb5fc elementor-section-boxed elementor-section-height-default elementor-section-height-default\" data-id=\"64eb5fc\" data-element_type=\"section\">\n\t\t\t\t\t\t<div class=\"elementor-container elementor-column-gap-default\">\n\t\t\t\t\t<div class=\"elementor-column elementor-col-100 elementor-top-column elementor-element elementor-element-1866eed\" data-id=\"1866eed\" data-element_type=\"column\">\n\t\t\t<div class=\"elementor-widget-wrap elementor-element-populated\">\n\t\t\t\t\t\t<div class=\"elementor-element elementor-element-c651afb elementor-widget elementor-widget-heading\" data-id=\"c651afb\" data-element_type=\"widget\" data-widget_type=\"heading.default\">\n\t\t\t\t<div class=\"elementor-widget-container\">\n\t\t\t<style>\/*! elementor - v3.19.0 - 29-01-2024 *\/\n.elementor-heading-title{padding:0;margin:0;line-height:1}.elementor-widget-heading .elementor-heading-title[class*=elementor-size-]>a{color:inherit;font-size:inherit;line-height:inherit}.elementor-widget-heading .elementor-heading-title.elementor-size-small{font-size:15px}.elementor-widget-heading .elementor-heading-title.elementor-size-medium{font-size:19px}.elementor-widget-heading .elementor-heading-title.elementor-size-large{font-size:29px}.elementor-widget-heading .elementor-heading-title.elementor-size-xl{font-size:39px}.elementor-widget-heading .elementor-heading-title.elementor-size-xxl{font-size:59px}<\/style><h2 class=\"elementor-heading-title elementor-size-default\">Publicaciones<\/h2>\t\t<\/div>\n\t\t\t\t<\/div>\n\t\t\t\t\t<\/div>\n\t\t<\/div>\n\t\t\t\t\t<\/div>\n\t\t<\/section>\n\t\t\t\t<section class=\"elementor-section elementor-top-section elementor-element elementor-element-e09f3c4 elementor-section-boxed elementor-section-height-default elementor-section-height-default\" data-id=\"e09f3c4\" data-element_type=\"section\">\n\t\t\t\t\t\t<div class=\"elementor-container elementor-column-gap-default\">\n\t\t\t\t\t<div class=\"elementor-column elementor-col-50 elementor-top-column elementor-element elementor-element-8e32cec\" data-id=\"8e32cec\" data-element_type=\"column\">\n\t\t\t<div class=\"elementor-widget-wrap elementor-element-populated\">\n\t\t\t\t\t\t<div class=\"elementor-element elementor-element-9190e74 eael-flipbox-content-align-center elementor-widget elementor-widget-eael-flip-box\" data-id=\"9190e74\" data-element_type=\"widget\" data-widget_type=\"eael-flip-box.default\">\n\t\t\t\t<div class=\"elementor-widget-container\">\n\t\t\t\n        <div class=\"eael-elements-flip-box-container eael-animate-flip eael-animate-left eael-content\">\n\n            <div class=\"eael-elements-flip-box-flip-card\">\n                <div class=\"eael-elements-flip-box-front-container\">\n\n                    \n                        <div class=\"eael-elements-slider-display-table\">\n                            <div class=\"eael-elements-flip-box-vertical-align\">\n                                <div class=\"eael-elements-flip-box-padding\">\n                                    <div class=\"eael-elements-flip-box-icon-image\">\n                                                                                                                                                                        <\/div>\n                                                                        <div class=\"eael-elements-flip-box-content\">\n\t                                                                            <p><\/p>                                    <\/div>\n                                <\/div>\n                            <\/div>\n                        <\/div>\n                                    <\/div>\n\n                <div class=\"eael-elements-flip-box-rear-container\">\n\n                                            <div class=\"eael-elements-slider-display-table\">\n                            <div class=\"eael-elements-flip-box-vertical-align\">\n                                <div class=\"eael-elements-flip-box-padding\">\n                                                                            <div class=\"eael-elements-flip-box-icon-image\">\n                                                                                            <\/div>\n                                                                                                            <div class=\"eael-elements-flip-box-content\">\n                                                                                <p><\/p>                                    <\/div>\n\n                                                                            <a class=\"flipbox-button\" href=\"http:\/\/www.fao.org\/3\/ca8642es\/CA8642ES.pdf\">\n                                                                                        Ver publicaci\u00f3n                                                                                            <\/a>\n                                                                    <\/div>\n                            <\/div>\n                        <\/div>\n                                    <\/div>\n            <\/div>\n        <\/div>\n\n\t\t<\/div>\n\t\t\t\t<\/div>\n\t\t\t\t<div class=\"elementor-element elementor-element-ea42fd1 elementor-widget elementor-widget-text-editor\" data-id=\"ea42fd1\" data-element_type=\"widget\" data-widget_type=\"text-editor.default\">\n\t\t\t\t<div class=\"elementor-widget-container\">\n\t\t\t<style>\/*! elementor - v3.19.0 - 29-01-2024 *\/\n.elementor-widget-text-editor.elementor-drop-cap-view-stacked .elementor-drop-cap{background-color:#69727d;color:#fff}.elementor-widget-text-editor.elementor-drop-cap-view-framed .elementor-drop-cap{color:#69727d;border:3px solid;background-color:transparent}.elementor-widget-text-editor:not(.elementor-drop-cap-view-default) .elementor-drop-cap{margin-top:8px}.elementor-widget-text-editor:not(.elementor-drop-cap-view-default) .elementor-drop-cap-letter{width:1em;height:1em}.elementor-widget-text-editor .elementor-drop-cap{float:left;text-align:center;line-height:1;font-size:50px}.elementor-widget-text-editor .elementor-drop-cap-letter{display:inline-block}<\/style>\t\t\t\t<p>La degradaci\u00f3n y p\u00e9rdida de los bosques es uno de esos factores que contribuyen a perturbar el equilibrio de la naturaleza y a aumentar el riesgo y la exposici\u00f3n de las personas a las enfermedades zoon\u00f3ticas. Nunca ha sido tan importante comprender el estado de los bosques de nuestro mundo y mantener su seguimiento.<\/p><p>Este a\u00f1o marca el final del Decenio de las Naciones Unidas sobre la Diversidad Biol\u00f3gica y de la aplicaci\u00f3n del Plan Estrat\u00e9gico para la Diversidad Biol\u00f3gica 2011-2020. Todos los pa\u00edses est\u00e1n uniendo sus esfuerzos a fin de analizar el avance hacia los cinco objetivos estrat\u00e9gicos del Plan y las 20 Metas de Aichi para la Biodiversidad con objeto de conformar el marco de la biodiversidad mundial posterior a 2020.<\/p>\t\t\t\t\t\t<\/div>\n\t\t\t\t<\/div>\n\t\t\t\t\t<\/div>\n\t\t<\/div>\n\t\t\t\t<div class=\"elementor-column elementor-col-50 elementor-top-column elementor-element elementor-element-1f6b686\" data-id=\"1f6b686\" data-element_type=\"column\">\n\t\t\t<div class=\"elementor-widget-wrap elementor-element-populated\">\n\t\t\t\t\t\t<div class=\"elementor-element elementor-element-9328429 eael-flipbox-content-align-center elementor-widget elementor-widget-eael-flip-box\" data-id=\"9328429\" data-element_type=\"widget\" data-widget_type=\"eael-flip-box.default\">\n\t\t\t\t<div class=\"elementor-widget-container\">\n\t\t\t\n        <div class=\"eael-elements-flip-box-container eael-animate-flip eael-animate-left eael-content\">\n\n            <div class=\"eael-elements-flip-box-flip-card\">\n                <div class=\"eael-elements-flip-box-front-container\">\n\n                    \n                        <div class=\"eael-elements-slider-display-table\">\n                            <div class=\"eael-elements-flip-box-vertical-align\">\n                                <div class=\"eael-elements-flip-box-padding\">\n                                    <div class=\"eael-elements-flip-box-icon-image\">\n                                                                                                                                                                        <\/div>\n                                                                        <div class=\"eael-elements-flip-box-content\">\n\t                                                                            <p><\/p>                                    <\/div>\n                                <\/div>\n                            <\/div>\n                        <\/div>\n                                    <\/div>\n\n                <div class=\"eael-elements-flip-box-rear-container\">\n\n                                            <div class=\"eael-elements-slider-display-table\">\n                            <div class=\"eael-elements-flip-box-vertical-align\">\n                                <div class=\"eael-elements-flip-box-padding\">\n                                                                            <div class=\"eael-elements-flip-box-icon-image\">\n                                                                                            <\/div>\n                                                                                                            <div class=\"eael-elements-flip-box-content\">\n                                                                                <p><\/p>                                    <\/div>\n\n                                                                            <a class=\"flipbox-button\" href=\"https:\/\/www.minambiente.gov.co\/index.php\/component\/content\/article\/427-plantilla-bosques-biodiversidad-y-servicios-ecosistematicos-22\">\n                                                                                        Ver publicaci\u00f3n                                                                                            <\/a>\n                                                                    <\/div>\n                            <\/div>\n                        <\/div>\n                                    <\/div>\n            <\/div>\n        <\/div>\n\n\t\t<\/div>\n\t\t\t\t<\/div>\n\t\t\t\t<div class=\"elementor-element elementor-element-19da5ec elementor-widget elementor-widget-text-editor\" data-id=\"19da5ec\" data-element_type=\"widget\" data-widget_type=\"text-editor.default\">\n\t\t\t\t<div class=\"elementor-widget-container\">\n\t\t\t\t\t\t\t<p>En el marco de la planificaci\u00f3n y administraci\u00f3n eficiente de los recursos forestales, el Ministerio de Ambiente y Desarrollo Sostenible, como \u00f3rgano rector de la gesti\u00f3n del medio ambiente, pone a disposici\u00f3n de las autoridades ambientales, encargadas por ley de la planificaci\u00f3n y manejo de los bosques en su jurisdicci\u00f3n, este documento, como herramienta para orientar los procesos de ordenaci\u00f3n forestal en el pa\u00eds, desde la perspectiva del manejo sostenible del bosque y sus servicios ecosist\u00e9micos asociados.<\/p><p>El documento brinda a las autoridades ambientales y dem\u00e1s interesados, elementos y orientaciones t\u00e9cnicas y jur\u00eddicas para acometer de forma integral la ordenaci\u00f3n forestal sostenible de las \u00e1reas boscosas del pa\u00eds, entendida la misma como \u201cel proceso de manejar los bosques para lograr uno o m\u00e1s objetivos de ordenaci\u00f3n claramente definidos con respecto a la producci\u00f3n de un flujo continuo de productos y servicios forestales deseados, sin reducir indebidamente sus valores inherentes ni su productividad futura y sin causar ning\u00fan efecto indeseable en el entorno f\u00edsico y social\u201d.<\/p>\t\t\t\t\t\t<\/div>\n\t\t\t\t<\/div>\n\t\t\t\t\t<\/div>\n\t\t<\/div>\n\t\t\t\t\t<\/div>\n\t\t<\/section>\n\t\t\t\t<section class=\"elementor-section elementor-top-section elementor-element elementor-element-62abf9f elementor-section-boxed elementor-section-height-default elementor-section-height-default\" data-id=\"62abf9f\" data-element_type=\"section\">\n\t\t\t\t\t\t<div class=\"elementor-container elementor-column-gap-default\">\n\t\t\t\t\t<div class=\"elementor-column elementor-col-50 elementor-top-column elementor-element elementor-element-2c87047\" data-id=\"2c87047\" data-element_type=\"column\">\n\t\t\t<div class=\"elementor-widget-wrap elementor-element-populated\">\n\t\t\t\t\t\t<div class=\"elementor-element elementor-element-96648b6 eael-flipbox-content-align-center elementor-widget elementor-widget-eael-flip-box\" data-id=\"96648b6\" data-element_type=\"widget\" data-widget_type=\"eael-flip-box.default\">\n\t\t\t\t<div class=\"elementor-widget-container\">\n\t\t\t\n        <div class=\"eael-elements-flip-box-container eael-animate-flip eael-animate-left eael-content\">\n\n            <div class=\"eael-elements-flip-box-flip-card\">\n                <div class=\"eael-elements-flip-box-front-container\">\n\n                    \n                        <div class=\"eael-elements-slider-display-table\">\n                            <div class=\"eael-elements-flip-box-vertical-align\">\n                                <div class=\"eael-elements-flip-box-padding\">\n                                    <div class=\"eael-elements-flip-box-icon-image\">\n                                                                                                                                                                        <\/div>\n                                                                        <div class=\"eael-elements-flip-box-content\">\n\t                                                                            <p><\/p>                                    <\/div>\n                                <\/div>\n                            <\/div>\n                        <\/div>\n                                    <\/div>\n\n                <div class=\"eael-elements-flip-box-rear-container\">\n\n                                            <div class=\"eael-elements-slider-display-table\">\n                            <div class=\"eael-elements-flip-box-vertical-align\">\n                                <div class=\"eael-elements-flip-box-padding\">\n                                                                            <div class=\"eael-elements-flip-box-icon-image\">\n                                                                                            <\/div>\n                                                                                                            <div class=\"eael-elements-flip-box-content\">\n                                                                                <p><\/p>                                    <\/div>\n\n                                                                            <a class=\"flipbox-button\" href=\"https:\/\/www.amazoniasocioambiental.org\/es\/publicacion\/amazonia-bajo-presion-2020\/\">\n                                                                                        Ver publicaci\u00f3n                                                                                            <\/a>\n                                                                    <\/div>\n                            <\/div>\n                        <\/div>\n                                    <\/div>\n            <\/div>\n        <\/div>\n\n\t\t<\/div>\n\t\t\t\t<\/div>\n\t\t\t\t<div class=\"elementor-element elementor-element-6df8b78 elementor-widget elementor-widget-text-editor\" data-id=\"6df8b78\" data-element_type=\"widget\" data-widget_type=\"text-editor.default\">\n\t\t\t\t<div class=\"elementor-widget-container\">\n\t\t\t\t\t\t\t<p>La Amazon\u00eda es una regi\u00f3n reconocida por su gran biodiversidad, su extensa red hidrogr\u00e1fica, su diversidad cultural y el papel que juega en la regulaci\u00f3n del clima como el bosque tropical continuo m\u00e1s extenso del planeta. Sin embargo, sus riquezas naturales han sido y siguen siendo objeto de codicia, lo que ha generado con el tiempo grandes transformaciones en el paisaje, la composici\u00f3n de su poblaci\u00f3n y la perspectiva hacia el futuro, que ponen en peligro el mantenimiento de estos elementos naturales y culturales que la caracterizan.<\/p><p>En el a\u00f1o 2020 la pandemia del Covid-19 ha puesto a\u00fan m\u00e1s en evidencia la fragilidad de la regi\u00f3n y el grado de vulnerabilidad que tienen los pobladores de la regi\u00f3n y, muy especialmente, los pueblos ind\u00edgenas.<\/p><p>Los resultados del \u00faltimo estudio realizado por la Red Amaz\u00f3nica de Informaci\u00f3n Socioambiental Georeferenciada -RAISG, en alianza con MapBiomas Amazon\u00eda, muestran que al 2018 la Amazon\u00eda manten\u00eda el 83,4% de su cobertura vegetal natural. Pero entre el a\u00f1o 1985 y 2018 el bioma perdi\u00f3 724 mil km\u00b2 de su vegetaci\u00f3n natural, un \u00e1rea similar al territorio de Chile.<\/p>\t\t\t\t\t\t<\/div>\n\t\t\t\t<\/div>\n\t\t\t\t\t<\/div>\n\t\t<\/div>\n\t\t\t\t<div class=\"elementor-column elementor-col-50 elementor-top-column elementor-element elementor-element-537fd5d\" data-id=\"537fd5d\" data-element_type=\"column\">\n\t\t\t<div class=\"elementor-widget-wrap elementor-element-populated\">\n\t\t\t\t\t\t<div class=\"elementor-element elementor-element-5e55633 eael-flipbox-content-align-center elementor-widget elementor-widget-eael-flip-box\" data-id=\"5e55633\" data-element_type=\"widget\" data-widget_type=\"eael-flip-box.default\">\n\t\t\t\t<div class=\"elementor-widget-container\">\n\t\t\t\n        <div class=\"eael-elements-flip-box-container eael-animate-flip eael-animate-left eael-content\">\n\n            <div class=\"eael-elements-flip-box-flip-card\">\n                <div class=\"eael-elements-flip-box-front-container\">\n\n                    \n                        <div class=\"eael-elements-slider-display-table\">\n                            <div class=\"eael-elements-flip-box-vertical-align\">\n                                <div class=\"eael-elements-flip-box-padding\">\n                                    <div class=\"eael-elements-flip-box-icon-image\">\n                                                                                                                                                                        <\/div>\n                                                                        <div class=\"eael-elements-flip-box-content\">\n\t                                                                            <p><\/p>                                    <\/div>\n                                <\/div>\n                            <\/div>\n                        <\/div>\n                                    <\/div>\n\n                <div class=\"eael-elements-flip-box-rear-container\">\n\n                                            <div class=\"eael-elements-slider-display-table\">\n                            <div class=\"eael-elements-flip-box-vertical-align\">\n                                <div class=\"eael-elements-flip-box-padding\">\n                                                                            <div class=\"eael-elements-flip-box-icon-image\">\n                                                                                            <\/div>\n                                                                                                            <div class=\"eael-elements-flip-box-content\">\n                                                                                <p><\/p>                                    <\/div>\n\n                                                                            <a class=\"flipbox-button\" href=\"http:\/\/repository.humboldt.org.co\/handle\/20.500.11761\/35408\">\n                                                                                        Ver publicaci\u00f3n                                                                                            <\/a>\n                                                                    <\/div>\n                            <\/div>\n                        <\/div>\n                                    <\/div>\n            <\/div>\n        <\/div>\n\n\t\t<\/div>\n\t\t\t\t<\/div>\n\t\t\t\t<div class=\"elementor-element elementor-element-dd1e2b8 elementor-widget elementor-widget-text-editor\" data-id=\"dd1e2b8\" data-element_type=\"widget\" data-widget_type=\"text-editor.default\">\n\t\t\t\t<div class=\"elementor-widget-container\">\n\t\t\t\t\t\t\t<p>La Orinoquia es una composici\u00f3n, un conjunto de relevos permanentes en el tiempo y en el territorio. Regiones, cuencas, paisajes, ecosistemas, culturas, econom\u00edas, valores, modos de vida, v\u00ednculos sociales y relaciones con la naturaleza. Es pasado, presente y futuro. Es historia, gozo y esperanza. Es escuela, vida y reto. El Gran libro de la Orinoquia colombiana presenta, de manera sint\u00e9tica, temas de inter\u00e9s general, con informaci\u00f3n esencial para comprender el origen y la din\u00e1mica de los arreglos socioecol\u00f3gicos del territorio, sus principales caracter\u00edsticas y los requerimientos para su funcionamiento. Los invitamos a navegar El Gran libro de la Orinoquia colombiana, sus historias, sus referentes culturales y biol\u00f3gicos, el andar de las aguas \u2013eje de la vida\u2013. Es un libro para aprender y ense\u00f1ar a leer sus paisajes, sus hechos y sus s\u00edmbolos, sus sistemas territoriales y de im\u00e1genes, con el anhelo de construir a futuro, de manera conjunta, un referente com\u00fan de territorio, en el cual este no pierda su esencia, su maravilla y su magia.<\/p>\t\t\t\t\t\t<\/div>\n\t\t\t\t<\/div>\n\t\t\t\t\t<\/div>\n\t\t<\/div>\n\t\t\t\t\t<\/div>\n\t\t<\/section>\n\t\t\t\t<\/div>\n\t\t","protected":false},"excerpt":{"rendered":"<p>Publicaciones Ver publicaci\u00f3n La degradaci\u00f3n y p\u00e9rdida de los bosques es uno de esos factores que contribuyen a perturbar el equilibrio de la naturaleza y a aumentar el riesgo y la exposici\u00f3n de las personas a las enfermedades zoon\u00f3ticas. Nunca ha sido tan importante comprender el estado de los bosques de nuestro mundo y mantener&hellip; <a class=\"more-link\" href=\"https:\/\/actionforforest.org\/index.php\/publicaciones\/\">Seguir leyendo <span class=\"screen-reader-text\">Publicaciones<\/span><\/a><\/p>\n","protected":false},"author":1,"featured_media":0,"parent":0,"menu_order":0,"comment_status":"closed","ping_status":"closed","template":"elementor_header_footer","meta":{"footnotes":""},"class_list":["post-14","page","type-page","status-publish","hentry","entry"],"_links":{"self":[{"href":"https:\/\/actionforforest.org\/index.php\/wp-json\/wp\/v2\/pages\/14","targetHints":{"allow":["GET"]}}],"collection":[{"href":"https:\/\/actionforforest.org\/index.php\/wp-json\/wp\/v2\/pages"}],"about":[{"href":"https:\/\/actionforforest.org\/index.php\/wp-json\/wp\/v2\/types\/page"}],"author":[{"embeddable":true,"href":"https:\/\/actionforforest.org\/index.php\/wp-json\/wp\/v2\/users\/1"}],"replies":[{"embeddable":true,"href":"https:\/\/actionforforest.org\/index.php\/wp-json\/wp\/v2\/comments?post=14"}],"version-history":[{"count":19,"href":"https:\/\/actionforforest.org\/index.php\/wp-json\/wp\/v2\/pages\/14\/revisions"}],"predecessor-version":[{"id":276,"href":"https:\/\/actionforforest.org\/index.php\/wp-json\/wp\/v2\/pages\/14\/revisions\/276"}],"wp:attachment":[{"href":"https:\/\/actionforforest.org\/index.php\/wp-json\/wp\/v2\/media?parent=14"}],"curies":[{"name":"wp","href":"https:\/\/api.w.org\/{rel}","templated":true}]}}